{"id":185,"date":"2021-01-20T16:47:34","date_gmt":"2021-01-20T16:47:34","guid":{"rendered":"http:\/\/dkkrpartners.landingandlead.hu\/?page_id=185"},"modified":"2025-10-03T03:45:39","modified_gmt":"2025-10-03T01:45:39","slug":"daniel-kaszas","status":"publish","type":"page","link":"https:\/\/dkkrpartners.com\/en\/daniel-kaszas\/","title":{"rendered":"D\u00e1niel Kasz\u00e1s"},"content":{"rendered":"<p>[et_pb_section fb_built=&#8221;1&#8243; _builder_version=&#8221;4.16&#8243; _module_preset=&#8221;default&#8221; background_color=&#8221;#F7F7F7&#8243; custom_padding=&#8221;0px||0px||true|&#8221; global_colors_info=&#8221;{}&#8221;][et_pb_row _builder_version=&#8221;4.16&#8243; _module_preset=&#8221;default&#8221; global_colors_info=&#8221;{}&#8221;][et_pb_column type=&#8221;4_4&#8243; _builder_version=&#8221;4.16&#8243; _module_preset=&#8221;default&#8221; global_colors_info=&#8221;{}&#8221;][et_pb_text _builder_version=&#8221;4.16&#8243; _module_preset=&#8221;default&#8221; global_colors_info=&#8221;{}&#8221;]<\/p>\n<h1 class=\"title\">D\u00e1niel KASZ\u00c1S<\/h1>\n<p>[\/et_pb_text][\/et_pb_column][\/et_pb_row][\/et_pb_section][et_pb_section fb_built=&#8221;1&#8243; custom_padding_last_edited=&#8221;on|phone&#8221; _builder_version=&#8221;4.16&#8243; _module_preset=&#8221;default&#8221; width=&#8221;100%&#8221; max_width=&#8221;100%&#8221; custom_margin=&#8221;|0px||0px|false|false&#8221; custom_padding=&#8221;|0px||0px|false|false&#8221; custom_padding_tablet=&#8221;&#8221; custom_padding_phone=&#8221;0px||||false|false&#8221; global_colors_info=&#8221;{}&#8221;][et_pb_row column_structure=&#8221;1_4,1_4,1_2&#8243; custom_padding_last_edited=&#8221;on|phone&#8221; _builder_version=&#8221;4.16&#8243; _module_preset=&#8221;default&#8221; custom_padding_tablet=&#8221;&#8221; custom_padding_phone=&#8221;0px||||false|false&#8221; global_colors_info=&#8221;{}&#8221;][et_pb_column type=&#8221;1_4&#8243; _builder_version=&#8221;4.16&#8243; _module_preset=&#8221;default&#8221; global_colors_info=&#8221;{}&#8221;][et_pb_image src=&#8221;https:\/\/dkkrpartners.swph.hu\/wp-content\/uploads\/sites\/74\/2021\/01\/dani-uj-682&#215;1024-1.jpg&#8221; title_text=&#8221;Dani_u\u0301j-682&#215;1024&#8243; _builder_version=&#8221;4.24.1&#8243; _module_preset=&#8221;default&#8221; transform_scale=&#8221;130%|130%&#8221; transform_translate=&#8221;4px|59px&#8221; hover_enabled=&#8221;0&#8243; global_colors_info=&#8221;{}&#8221; sticky_enabled=&#8221;0&#8243;][\/et_pb_image][\/et_pb_column][et_pb_column type=&#8221;1_4&#8243; _builder_version=&#8221;4.16&#8243; _module_preset=&#8221;default&#8221; transform_scale=&#8221;95%|95%&#8221; global_colors_info=&#8221;{}&#8221;][et_pb_text _builder_version=&#8221;4.16&#8243; _module_preset=&#8221;default&#8221; width=&#8221;120%&#8221; max_width=&#8221;120%&#8221; max_width_tablet=&#8221;&#8221; max_width_phone=&#8221;100%&#8221; max_width_last_edited=&#8221;on|phone&#8221; custom_margin=&#8221;|0px||0px|false|false&#8221; custom_padding=&#8221;|0px||0px|false|false&#8221; custom_padding_tablet=&#8221;&#8221; custom_padding_phone=&#8221;140px|0px||0px|false|false&#8221; custom_padding_last_edited=&#8221;on|phone&#8221; border_radii=&#8221;off||||&#8221; global_colors_info=&#8221;{}&#8221;]<\/p>\n<div class=\"desc\">\n<div class=\"desc\">\n<p>D\u00e1niel has over 24 years of experience at international law firms (Kinstellar and Linklaters) as a senior M&amp;A and competition lawyer and litigator. D\u00e1niel has gained broad experience in advising on a full range of mergers and acquisitions transactions (including public takeovers, privatisations, controlled auctions, acquisition of strategic interests, joint ventures and start up \u201cgreenfield\u201d investments, reorganisations, buyouts, mergers, demergers, other transformations and liquidations), acting for both bidders and targets and strategic and portfolio investors.<\/p>\n<p>D\u00e1niel also specialises in advising on civil law litigation and arbitration matters, dispute resolution in corporate and commercial matters relating to M&amp;A transactions, corporate governance as well all aspects of competition law and related areas including joint ventures, supply, exclusive distribution, selective distribution, agency, licensing, servicing agreements and subcontracting, abuse of a dominant market position, concentration and restrictive trade practices. In addition to his law degree he also holds an economics degree. He is a member of the Budapest Bar and speaks fluent Hungarian and English.<\/p>\n<p>+36 1 700 4752<br \/>daniel.kaszas@dkkrpartners.com<\/p>\n<\/div>\n<div class=\"links\"><\/div>\n<\/div>\n<p>[\/et_pb_text][et_pb_social_media_follow _builder_version=&#8221;4.16&#8243; _module_preset=&#8221;default&#8221; global_colors_info=&#8221;{}&#8221;][et_pb_social_media_follow_network social_network=&#8221;linkedin&#8221; url=&#8221;https:\/\/www.linkedin.com\/in\/daniel-kaszas-a2360684\/?originalSubdomain=hu&#8221; _builder_version=&#8221;4.16&#8243; _module_preset=&#8221;default&#8221; background_color=&#8221;#007bb6&#8243; global_colors_info=&#8221;{}&#8221; follow_button=&#8221;off&#8221; url_new_window=&#8221;on&#8221;]linkedin[\/et_pb_social_media_follow_network][\/et_pb_social_media_follow][\/et_pb_column][et_pb_column type=&#8221;1_2&#8243; _builder_version=&#8221;4.16&#8243; _module_preset=&#8221;default&#8221; transform_scale=&#8221;95%|95%&#8221; global_colors_info=&#8221;{}&#8221;][et_pb_text _builder_version=&#8221;4.16&#8243; _module_preset=&#8221;default&#8221; text_line_height=&#8221;2em&#8221; header_3_text_color=&#8221;#0C71C3&#8243; header_3_line_height=&#8221;1.2em&#8221; background_color=&#8221;#F7F7F7&#8243; transform_scale=&#8221;95%|95%&#8221; width=&#8221;100%&#8221; max_width=&#8221;100%&#8221; module_alignment=&#8221;left&#8221; custom_padding=&#8221;30px|30px|30px|30px|false|false&#8221; global_colors_info=&#8221;{}&#8221;]<\/p>\n<h3><span>D\u00e1niel has acted for several Hungarian and foreign clients during his long career including:<\/span><\/h3>\n<ul>\n<li class=\"font_8\">a South-Korean tyre manufacturer in connection with its greenfield investment in Hungary<\/li>\n<li class=\"font_8\">the largest Hungarian retail bank in connection with its acquisition of banks in the Central and Eastern European region<\/li>\n<li class=\"font_8\">the acquisition by a Canadian investor of a majority shareholding in the concession company operating Liszt Ferenc International Airport in Budapest<\/li>\n<li class=\"font_8\">the crossborder merger of the subsidiaries of an Israeli pharmaceutical company<\/li>\n<li class=\"font_8\">advising on competition law issues related to acquisitions of companies by domestic and foreign clients as well as to their Hungarian operations<\/li>\n<li class=\"font_8\">a Hungarian investor in connection with its legal due diligence and acquisition of a Hungarian company operating a power plant<\/li>\n<li class=\"font_8\">the representation of a French pharmaceutical company in civil law litigation proceedings<\/li>\n<li class=\"font_8\">the representation of a Russian state-owned bank in civil law litigation proceedings<\/li>\n<\/ul>\n<p>[\/et_pb_text][\/et_pb_column][\/et_pb_row][\/et_pb_section]<\/p>\n","protected":false},"excerpt":{"rendered":"<p>D\u00e1niel KASZ\u00c1S D\u00e1niel has over 24 years of experience at international law firms (Kinstellar and Linklaters) as a senior M&amp;A and competition lawyer and litigator. D\u00e1niel has gained broad experience in advising on a full range of mergers and acquisitions transactions (including public takeovers, privatisations, controlled auctions, acquisition of strategic interests, joint ventures and start <a href=\"https:\/\/dkkrpartners.com\/en\/daniel-kaszas\/\"> [&hellip;]<\/a><\/p>\n","protected":false},"author":18,"featured_media":0,"parent":0,"menu_order":0,"comment_status":"closed","ping_status":"closed","template":"","meta":{"_et_pb_use_builder":"on","_et_pb_old_content":"","_et_gb_content_width":"","footnotes":""},"class_list":["post-185","page","type-page","status-publish","hentry"],"_links":{"self":[{"href":"https:\/\/dkkrpartners.com\/en\/wp-json\/wp\/v2\/pages\/185","targetHints":{"allow":["GET"]}}],"collection":[{"href":"https:\/\/dkkrpartners.com\/en\/wp-json\/wp\/v2\/pages"}],"about":[{"href":"https:\/\/dkkrpartners.com\/en\/wp-json\/wp\/v2\/types\/page"}],"author":[{"embeddable":true,"href":"https:\/\/dkkrpartners.com\/en\/wp-json\/wp\/v2\/users\/18"}],"replies":[{"embeddable":true,"href":"https:\/\/dkkrpartners.com\/en\/wp-json\/wp\/v2\/comments?post=185"}],"version-history":[{"count":0,"href":"https:\/\/dkkrpartners.com\/en\/wp-json\/wp\/v2\/pages\/185\/revisions"}],"wp:attachment":[{"href":"https:\/\/dkkrpartners.com\/en\/wp-json\/wp\/v2\/media?parent=185"}],"curies":[{"name":"wp","href":"https:\/\/api.w.org\/{rel}","templated":true}]}}